{"id":2598,"date":"2021-08-23T13:23:10","date_gmt":"2021-08-23T13:23:10","guid":{"rendered":"https:\/\/www.lanzaroteopenmall.com\/open-mall-lanzarote\/"},"modified":"2022-11-18T15:40:41","modified_gmt":"2022-11-18T15:40:41","slug":"open-mall-lanzarote","status":"publish","type":"page","link":"https:\/\/www.lanzaroteopenmall.com\/en\/open-mall-lanzarote\/","title":{"rendered":"Open Mall Lanzarote"},"content":{"rendered":"<h2>OPEN MALL LANZAROTE<\/h2>\n<h2>THE PROJECT<\/h2>\n<h2><a href=\"#tupublico\">TARGET AUDIENCE<\/a><\/h2>\n<h2><a href=\"#elcontacto\">CONTACT<\/a><\/h2>\n<h5>OPEN MALL LANZAROTE<\/h5>\n<h2>UPCOMING OPENING<br \/>\nFALL 2022<\/h2>\n<h2>OPEN MALL LANZAROTE SHOPPING CENTER<br \/>  In the heart of Lanzarote<\/h2>\n<p>  <iframe loading=\"lazy\" title=\"PRESENTACI\u00d3N del CENTRO COMERCIAL LANZAROTE OPEN MALL | Pr\u00f3xima apertura OTO\u00d1O 2022\" width=\"1080\" height=\"608\" src=\"https:\/\/www.youtube.com\/embed\/hjeMNsgpvxM?start=13&#038;feature=oembed\"  allow=\"accelerometer; autoplay; clipboard-write; encrypted-media; gyroscope; picture-in-picture\" allowfullscreen><\/iframe>  <\/p>\n<p style=\"text-align: center;\"><strong>Open Mall Lanzarote<\/strong> will become <strong>the largest outdoor shopping and leisure center on the island <\/strong>with a gross leasable area (GLA) of 35,100 m\u00b2.<\/p>\n<h3>OPEN MALL LANZAROTE<br \/>in numbers<\/h3>\n<p>  1<br \/>\n  Stores<br \/>\n  1<br \/>\n  Parking spaces<br \/>\n  1<br \/>\n  M2 of GLA<\/p>\n<h2>YOU NEVER IMAGINED THIS WAS POSSIBLE, WE DID.<br \/>\n<\/h2>\n<\/p>\n<p>Now is your time to take off with <strong>Open Mall<\/strong>.<\/p>\n<p>Know the project and your target audience.<\/p>\n<h2>THE PROJECT<\/h2>\n<h3>\n  LOCATION AND INNOVATION<br \/>\n\t\t\t\t<\/h3>\n<p>\n  Its unbeatable location at the foot of the Rambla and its innovative distribution of spaces have made it one of the biggest commercial attractions in Lanzarote.  <\/p>\n<h3>\n  AMBITIOUS MARKETING<br \/>\n\t\t\t\t<\/h3>\n<p>\n  With a commercial mix of fashion for all tastes, made up of international firms and new brands, Open Mall Lanzarote will be a space that in addition to covering all needs, will allow its customers to live experiences with all five senses.  <\/p>\n<p>\t\t\t\t\t\t\t\t\t\t\t\t\t\t\t\t<a href=\"http:\/\/www.lanzaroteopenmall.com\/wp-content\/uploads\/2021\/10\/DOSSIER-OPEN-MALL-LANZAROTE-0321.pdf\" target=\"_blank\" rel=\"noopener\"><br \/>\n\t\t\t\t\t\t\t<img data-recalc-dims=\"1\" decoding=\"async\" width=\"450\" height=\"802\" src=\"https:\/\/i0.wp.com\/www.lanzaroteopenmall.com\/wp-content\/uploads\/2021\/10\/ezgif.com-gif-maker-8-1.gif?resize=450%2C802&#038;ssl=1\" alt=\"\" loading=\"lazy\">\t\t\t\t\t\t\t\t<\/a><\/p>\n<h3>\n  WHY WE<br \/>\n\t\t\t\t<\/h3>\n<p>\n  Open Mall Lanzarote will change the rules of large surfaces. With three commercial floors and a strategic marketing agenda that will offer high quality, innovative and distinguished entertainment.  <\/p>\n<h3>\n  ALL IN ONE PLACE<br \/>\n\t\t\t\t<\/h3>\n<p>\n  It will house more than 90 stores with a diverse offer of fashion, leisure activities, a wide gastronomic proposal and a variety of services that will make Open Mall Lanzarote the essential center for all Lanzarote residents, visitors and residents of the neighboring islands.  <\/p>\n<h2>KNOW YOUR AUDIENCE<\/h2>\n<p>\t\t\t\t\t\t\t\t\t\t\t\t\t\t\t\t<a href=\"https:\/\/i0.wp.com\/www.lanzaroteopenmall.com\/wp-content\/uploads\/2021\/10\/2-4.png?ssl=1\" data-elementor-open-lightbox=\"yes\" data-elementor-lightbox-title=\"Foto desde el Castillo de San Gin\u00e9s - Arrecife - Lanzarote\"><br \/>\n\t\t\t\t\t\t\t<img data-recalc-dims=\"1\" decoding=\"async\" width=\"1080\" height=\"778\" src=\"https:\/\/i0.wp.com\/www.lanzaroteopenmall.com\/wp-content\/uploads\/2021\/10\/2-4.png?resize=1080%2C778&#038;ssl=1\" alt=\"\" loading=\"lazy\" srcset=\"https:\/\/i1.wp.com\/www.lanzaroteopenmall.com\/wp-content\/uploads\/2021\/10\/2-4.png?w=1500 1500w, https:\/\/i1.wp.com\/www.lanzaroteopenmall.com\/wp-content\/uploads\/2021\/10\/2-4.png?resize=300%2C216 300w, https:\/\/i1.wp.com\/www.lanzaroteopenmall.com\/wp-content\/uploads\/2021\/10\/2-4.png?resize=1024%2C737 1024w, https:\/\/i1.wp.com\/www.lanzaroteopenmall.com\/wp-content\/uploads\/2021\/10\/2-4.png?resize=768%2C553 768w\" sizes=\"(max-width: 1500px) 100vw, 1500px\">\t\t\t\t\t\t\t\t<\/a><\/p>\n<p>TARGET<\/p>\n<h4>RESIDENT<\/h4>\n<p>Arrecife, capital of Lanzarote<\/p>\n<p>Arrecife is the main area of influence with a total of 64,645 inhabitants, being the most densely populated municipality on the island of Lanzarote. In second and third place are the neighboring municipalities of San Bartolom\u00e9 and Teguise, with a total of 41,802 inhabitants. Allowing Open Mall Lanzarote to be the main meeting and shopping point for approximately <strong>152,289 residents<\/strong>.<\/p>\n<p>\t\t\t<a href=\"https:\/\/www.lanzaroteopenmall.com\/wp-content\/uploads\/2021\/10\/EMPLAZAMIENTO-EN-LA-MANZANA-Open-Mall-Lanzarote.png\" target=\"_blank\" role=\"button\" rel=\"noopener\"><br \/>\n  See on the map<br \/>\n\t\t\t\t\t<\/a><\/p>\n<p>TARGET<\/p>\n<h4>TURISTA<\/h4>\n<p>3,065,575 tourists (2019 data).<\/p>\n<p>This new project will also supply the demand of tourists staying in the northern part of the island and Costa Teguise, as well as the 520,192 cruise passengers that the island receives annually.<\/p>\n<p>\t\t\t<a href=\"https:\/\/turismolanzarote.com\/\" target=\"_blank\" role=\"button\" rel=\"noopener\"><br \/>\n  See Lanzarote Tourism page<br \/>\n\t\t\t\t\t<\/a><br \/>\n\t\t\t\t\t\t\t\t\t\t\t\t\t\t\t\t<a href=\"https:\/\/i0.wp.com\/www.lanzaroteopenmall.com\/wp-content\/uploads\/2021\/10\/1-4.png?ssl=1\" data-elementor-open-lightbox=\"yes\" data-elementor-lightbox-title=\"J\u00f3venes en un centro comercial - Lanzarote Open Mall\"><br \/>\n\t\t\t\t\t\t\t<img data-recalc-dims=\"1\" decoding=\"async\" width=\"1080\" height=\"778\" src=\"https:\/\/i0.wp.com\/www.lanzaroteopenmall.com\/wp-content\/uploads\/2021\/10\/1-4.png?resize=1080%2C778&#038;ssl=1\" alt=\"\" loading=\"lazy\" srcset=\"https:\/\/i1.wp.com\/www.lanzaroteopenmall.com\/wp-content\/uploads\/2021\/10\/1-4.png?w=1500 1500w, https:\/\/i1.wp.com\/www.lanzaroteopenmall.com\/wp-content\/uploads\/2021\/10\/1-4.png?resize=300%2C216 300w, https:\/\/i1.wp.com\/www.lanzaroteopenmall.com\/wp-content\/uploads\/2021\/10\/1-4.png?resize=1024%2C737 1024w, https:\/\/i1.wp.com\/www.lanzaroteopenmall.com\/wp-content\/uploads\/2021\/10\/1-4.png?resize=768%2C553 768w\" sizes=\"(max-width: 1500px) 100vw, 1500px\">\t\t\t\t\t\t\t\t<\/a><\/p>\n<h2>INFOGRAPHY<\/h2>\n<p>  Previous<br \/>\n  Next<\/p>\n<h4>VERY SOON, ALL THE TREND, FASHION AND EVENTS OF LANZAROTE<\/h4>\n<h5>just one click away<\/h5>\n<h5>OPEN MALL LANZAROTE<\/h5>\n<h2>UPCOMING OPENING<br \/>\nFALL 2022<\/h2>\n<h1>OPEN MALL LANZAROTE SHOPPING CENTER<br \/>  In the heart of Lanzarote<\/h1>\n<p>  https:\/\/www.youtube.com\/watch?v=hjeMNsgpvxM&amp;t=13s<\/p>\n<p style=\"text-align: center;\"><strong>Open Mall Lanzarote<\/strong> will become <strong>the largest outdoor shopping and leisure center on the island <\/strong>with a gross leasable area (GLA) of 35,100 m\u00b2.<\/p>\n<h2>OPEN MALL LANZAROTE<br \/>in numbers<\/h2>\n<p>  1<br \/>\n  Stores<br \/>\n  1<br \/>\n  Parking spaces<br \/>\n  1<br \/>\n  M2 of GLA<\/p>\n<h2>THE PROJECT<\/h2>\n<h3>\n  LOCATION AND INNOVATION<br \/>\n\t\t\t\t<\/h3>\n<p>\n  Its unbeatable location at the foot of the Rambla and its innovative distribution of spaces have made it one of the biggest commercial attractions in Lanzarote.  <\/p>\n<h3>\n  AMBITIOUS MARKETING<br \/>\n\t\t\t\t<\/h3>\n<p>\n  With a commercial mix of fashion for all tastes, made up of international firms and new brands, Open Mall Lanzarote will be a space that in addition to covering all needs, will allow its customers to live experiences with all five senses.  <\/p>\n<p>\t\t\t\t\t\t\t\t\t\t\t\t\t\t\t\t<a href=\"http:\/\/www.lanzaroteopenmall.com\/wp-content\/uploads\/2021\/10\/DOSSIER-OPEN-MALL-LANZAROTE-0321.pdf\" target=\"_blank\" rel=\"noopener\"><br \/>\n\t\t\t\t\t\t\t<img data-recalc-dims=\"1\" decoding=\"async\" width=\"450\" height=\"802\" src=\"https:\/\/i0.wp.com\/www.lanzaroteopenmall.com\/wp-content\/uploads\/2021\/10\/ezgif.com-gif-maker-8-1.gif?resize=450%2C802&#038;ssl=1\" alt=\"\" loading=\"lazy\">\t\t\t\t\t\t\t\t<\/a><\/p>\n<h3>\n  WHY WE<br \/>\n\t\t\t\t<\/h3>\n<p>\n  Open Mall Lanzarote will change the rules of large surfaces. With three commercial floors and a strategic marketing agenda that will offer high quality, innovative and distinguished entertainment.  <\/p>\n<h3>\n  ALL IN ONE PLACE<br \/>\n\t\t\t\t<\/h3>\n<p>\n  It will house more than 90 stores with a diverse offer of fashion, leisure activities, a wide gastronomic proposal and a variety of services that will make Open Mall Lanzarote the essential center for all Lanzarote residents, visitors and residents of the neighboring islands.  <\/p>\n<h2>KNOW YOUR AUDIENCE<\/h2>\n<p>\t\t\t\t\t\t\t\t\t\t\t\t\t\t\t<img data-recalc-dims=\"1\" decoding=\"async\" width=\"1080\" height=\"778\" src=\"https:\/\/i0.wp.com\/www.lanzaroteopenmall.com\/wp-content\/uploads\/2021\/10\/2-4.png?resize=1080%2C778&#038;ssl=1\" alt=\"\" loading=\"lazy\" srcset=\"https:\/\/i1.wp.com\/www.lanzaroteopenmall.com\/wp-content\/uploads\/2021\/10\/2-4.png?w=1500 1500w, https:\/\/i1.wp.com\/www.lanzaroteopenmall.com\/wp-content\/uploads\/2021\/10\/2-4.png?resize=300%2C216 300w, https:\/\/i1.wp.com\/www.lanzaroteopenmall.com\/wp-content\/uploads\/2021\/10\/2-4.png?resize=1024%2C737 1024w, https:\/\/i1.wp.com\/www.lanzaroteopenmall.com\/wp-content\/uploads\/2021\/10\/2-4.png?resize=768%2C553 768w\" sizes=\"(max-width: 1500px) 100vw, 1500px\">\t\t\t\t\t\t\t\t\t\t\t\t\t\t\t<\/p>\n<p>TARGET<\/p>\n<h4>RESIDENT<\/h4>\n<p>Arrecife, capital of Lanzarote<\/p>\n<p>Arrecife is the main area of influence with a total of 64,645 inhabitants, being the most densely populated municipality on the island of Lanzarote. In second and third place are the neighboring municipalities of San Bartolom\u00e9 and Teguise, with a total of 41,802 inhabitants. Allowing Open Mall Lanzarote to be the main meeting and shopping point for approximately 152,289 residents.<\/p>\n<p>\t\t\t<a href=\"https:\/\/www.lanzaroteopenmall.com\/wp-content\/uploads\/2021\/10\/EMPLAZAMIENTO-EN-LA-MANZANA-Open-Mall-Lanzarote.png\" role=\"button\"><br \/>\n  See on the map<br \/>\n\t\t\t\t\t<\/a><\/p>\n<p>TARGET<\/p>\n<h4>TURISTA<\/h4>\n<p>3,065,575 tourists (2019 data).<\/p>\n<p style=\"text-align: left;\">This new project will also supply the demand of tourists staying in the northern part of the island and Costa Teguise, as well as the 520,192 cruise passengers that the island receives annually.<\/p>\n<p>\t\t\t<a href=\"https:\/\/turismolanzarote.com\/\" target=\"_blank\" role=\"button\" rel=\"noopener\"><br \/>\n  See Lanzarote Tourism page<br \/>\n\t\t\t\t\t<\/a><br \/>\n\t\t\t\t\t\t\t\t\t\t\t\t\t\t\t<img data-recalc-dims=\"1\" decoding=\"async\" width=\"1080\" height=\"778\" src=\"https:\/\/i0.wp.com\/www.lanzaroteopenmall.com\/wp-content\/uploads\/2021\/10\/1-4.png?resize=1080%2C778&#038;ssl=1\" alt=\"\" loading=\"lazy\" srcset=\"https:\/\/i1.wp.com\/www.lanzaroteopenmall.com\/wp-content\/uploads\/2021\/10\/1-4.png?w=1500 1500w, https:\/\/i1.wp.com\/www.lanzaroteopenmall.com\/wp-content\/uploads\/2021\/10\/1-4.png?resize=300%2C216 300w, https:\/\/i1.wp.com\/www.lanzaroteopenmall.com\/wp-content\/uploads\/2021\/10\/1-4.png?resize=1024%2C737 1024w, https:\/\/i1.wp.com\/www.lanzaroteopenmall.com\/wp-content\/uploads\/2021\/10\/1-4.png?resize=768%2C553 768w\" sizes=\"(max-width: 1500px) 100vw, 1500px\">\t\t\t\t\t\t\t\t\t\t\t\t\t\t\t<\/p>\n<h2>INFOGRAPHY<\/h2>\n<p>  Previous<br \/>\n  Next<\/p>\n<h4>VERY SOON, ALL THE TREND, FASHION AND EVENTS OF LANZAROTE<\/h4>\n<h5>just one click away<\/h5>\n","protected":false},"excerpt":{"rendered":"<p>OPEN MALL LANZAROTE THE PROJECT TARGET AUDIENCE CONTACT OPEN MALL LANZAROTE UPCOMING OPENING FALL 2022 OPEN MALL LANZAROTE SHOPPING CENTER In the heart of Lanzarote Open Mall Lanzarote will become the largest outdoor shopping and leisure center on the island with a gross leasable area (GLA) of 35,100 m\u00b2. OPEN MALL LANZAROTEin numbers 1 Stores [&hellip;]<\/p>\n","protected":false},"author":1,"featured_media":0,"parent":0,"menu_order":0,"comment_status":"closed","ping_status":"closed","template":"","meta":{"_et_pb_use_builder":"","_et_pb_old_content":"","_et_gb_content_width":"","footnotes":""},"class_list":["post-2598","page","type-page","status-publish","hentry"],"yoast_head":"<!-- This site is optimized with the Yoast SEO plugin v26.2 - https:\/\/yoast.com\/wordpress\/plugins\/seo\/ -->\n<title>Open Mall Lanzarote - Open Mall Lanzarote<\/title>\n<meta name=\"robots\" content=\"index, follow, max-snippet:-1, max-image-preview:large, max-video-preview:-1\" \/>\n<link rel=\"canonical\" href=\"https:\/\/www.lanzaroteopenmall.com\/en\/?page_id=2598\" \/>\n<meta property=\"og:locale\" content=\"en_US\" \/>\n<meta property=\"og:type\" content=\"article\" \/>\n<meta property=\"og:title\" content=\"Open Mall Lanzarote - Open Mall Lanzarote\" \/>\n<meta property=\"og:description\" content=\"OPEN MALL LANZAROTE THE PROJECT TARGET AUDIENCE CONTACT OPEN MALL LANZAROTE UPCOMING OPENING FALL 2022 OPEN MALL LANZAROTE SHOPPING CENTER In the heart of Lanzarote Open Mall Lanzarote will become the largest outdoor shopping and leisure center on the island with a gross leasable area (GLA) of 35,100 m\u00b2. OPEN MALL LANZAROTEin numbers 1 Stores [&hellip;]\" \/>\n<meta property=\"og:url\" content=\"https:\/\/www.lanzaroteopenmall.com\/en\/?page_id=2598\" \/>\n<meta property=\"og:site_name\" content=\"Open Mall Lanzarote\" \/>\n<meta property=\"article:modified_time\" content=\"2022-11-18T15:40:41+00:00\" \/>\n<meta property=\"og:image\" content=\"https:\/\/www.lanzaroteopenmall.com\/wp-content\/uploads\/2021\/10\/ezgif.com-gif-maker-8-1.gif\" \/>\n<meta name=\"twitter:card\" content=\"summary_large_image\" \/>\n<meta name=\"twitter:label1\" content=\"Est. reading time\" \/>\n\t<meta name=\"twitter:data1\" content=\"4 minutes\" \/>\n<script type=\"application\/ld+json\" class=\"yoast-schema-graph\">{\"@context\":\"https:\/\/schema.org\",\"@graph\":[{\"@type\":\"WebPage\",\"@id\":\"https:\/\/www.lanzaroteopenmall.com\/en\/?page_id=2598\",\"url\":\"https:\/\/www.lanzaroteopenmall.com\/en\/?page_id=2598\",\"name\":\"Open Mall Lanzarote - Open Mall Lanzarote\",\"isPartOf\":{\"@id\":\"https:\/\/www.lanzaroteopenmall.com\/#website\"},\"primaryImageOfPage\":{\"@id\":\"https:\/\/www.lanzaroteopenmall.com\/en\/?page_id=2598#primaryimage\"},\"image\":{\"@id\":\"https:\/\/www.lanzaroteopenmall.com\/en\/?page_id=2598#primaryimage\"},\"thumbnailUrl\":\"https:\/\/www.lanzaroteopenmall.com\/wp-content\/uploads\/2021\/10\/ezgif.com-gif-maker-8-1.gif\",\"datePublished\":\"2021-08-23T13:23:10+00:00\",\"dateModified\":\"2022-11-18T15:40:41+00:00\",\"breadcrumb\":{\"@id\":\"https:\/\/www.lanzaroteopenmall.com\/en\/?page_id=2598#breadcrumb\"},\"inLanguage\":\"en-US\",\"potentialAction\":[{\"@type\":\"ReadAction\",\"target\":[\"https:\/\/www.lanzaroteopenmall.com\/en\/?page_id=2598\"]}]},{\"@type\":\"ImageObject\",\"inLanguage\":\"en-US\",\"@id\":\"https:\/\/www.lanzaroteopenmall.com\/en\/?page_id=2598#primaryimage\",\"url\":\"https:\/\/www.lanzaroteopenmall.com\/wp-content\/uploads\/2021\/10\/ezgif.com-gif-maker-8-1.gif\",\"contentUrl\":\"https:\/\/www.lanzaroteopenmall.com\/wp-content\/uploads\/2021\/10\/ezgif.com-gif-maker-8-1.gif\"},{\"@type\":\"BreadcrumbList\",\"@id\":\"https:\/\/www.lanzaroteopenmall.com\/en\/?page_id=2598#breadcrumb\",\"itemListElement\":[{\"@type\":\"ListItem\",\"position\":1,\"name\":\"Portada\",\"item\":\"https:\/\/www.lanzaroteopenmall.com\/\"},{\"@type\":\"ListItem\",\"position\":2,\"name\":\"Open Mall Lanzarote\"}]},{\"@type\":\"WebSite\",\"@id\":\"https:\/\/www.lanzaroteopenmall.com\/#website\",\"url\":\"https:\/\/www.lanzaroteopenmall.com\/\",\"name\":\"Open Mall Lanzarote\",\"description\":\"El mayor centro comercial, de ocio y compras en Lanzarote\",\"potentialAction\":[{\"@type\":\"SearchAction\",\"target\":{\"@type\":\"EntryPoint\",\"urlTemplate\":\"https:\/\/www.lanzaroteopenmall.com\/?s={search_term_string}\"},\"query-input\":{\"@type\":\"PropertyValueSpecification\",\"valueRequired\":true,\"valueName\":\"search_term_string\"}}],\"inLanguage\":\"en-US\"}]}<\/script>\n<!-- \/ Yoast SEO plugin. -->","yoast_head_json":{"title":"Open Mall Lanzarote - Open Mall Lanzarote","robots":{"index":"index","follow":"follow","max-snippet":"max-snippet:-1","max-image-preview":"max-image-preview:large","max-video-preview":"max-video-preview:-1"},"canonical":"https:\/\/www.lanzaroteopenmall.com\/en\/?page_id=2598","og_locale":"en_US","og_type":"article","og_title":"Open Mall Lanzarote - Open Mall Lanzarote","og_description":"OPEN MALL LANZAROTE THE PROJECT TARGET AUDIENCE CONTACT OPEN MALL LANZAROTE UPCOMING OPENING FALL 2022 OPEN MALL LANZAROTE SHOPPING CENTER In the heart of Lanzarote Open Mall Lanzarote will become the largest outdoor shopping and leisure center on the island with a gross leasable area (GLA) of 35,100 m\u00b2. OPEN MALL LANZAROTEin numbers 1 Stores [&hellip;]","og_url":"https:\/\/www.lanzaroteopenmall.com\/en\/?page_id=2598","og_site_name":"Open Mall Lanzarote","article_modified_time":"2022-11-18T15:40:41+00:00","og_image":[{"url":"https:\/\/www.lanzaroteopenmall.com\/wp-content\/uploads\/2021\/10\/ezgif.com-gif-maker-8-1.gif","type":"","width":"","height":""}],"twitter_card":"summary_large_image","twitter_misc":{"Est. reading time":"4 minutes"},"schema":{"@context":"https:\/\/schema.org","@graph":[{"@type":"WebPage","@id":"https:\/\/www.lanzaroteopenmall.com\/en\/?page_id=2598","url":"https:\/\/www.lanzaroteopenmall.com\/en\/?page_id=2598","name":"Open Mall Lanzarote - Open Mall Lanzarote","isPartOf":{"@id":"https:\/\/www.lanzaroteopenmall.com\/#website"},"primaryImageOfPage":{"@id":"https:\/\/www.lanzaroteopenmall.com\/en\/?page_id=2598#primaryimage"},"image":{"@id":"https:\/\/www.lanzaroteopenmall.com\/en\/?page_id=2598#primaryimage"},"thumbnailUrl":"https:\/\/www.lanzaroteopenmall.com\/wp-content\/uploads\/2021\/10\/ezgif.com-gif-maker-8-1.gif","datePublished":"2021-08-23T13:23:10+00:00","dateModified":"2022-11-18T15:40:41+00:00","breadcrumb":{"@id":"https:\/\/www.lanzaroteopenmall.com\/en\/?page_id=2598#breadcrumb"},"inLanguage":"en-US","potentialAction":[{"@type":"ReadAction","target":["https:\/\/www.lanzaroteopenmall.com\/en\/?page_id=2598"]}]},{"@type":"ImageObject","inLanguage":"en-US","@id":"https:\/\/www.lanzaroteopenmall.com\/en\/?page_id=2598#primaryimage","url":"https:\/\/www.lanzaroteopenmall.com\/wp-content\/uploads\/2021\/10\/ezgif.com-gif-maker-8-1.gif","contentUrl":"https:\/\/www.lanzaroteopenmall.com\/wp-content\/uploads\/2021\/10\/ezgif.com-gif-maker-8-1.gif"},{"@type":"BreadcrumbList","@id":"https:\/\/www.lanzaroteopenmall.com\/en\/?page_id=2598#breadcrumb","itemListElement":[{"@type":"ListItem","position":1,"name":"Portada","item":"https:\/\/www.lanzaroteopenmall.com\/"},{"@type":"ListItem","position":2,"name":"Open Mall Lanzarote"}]},{"@type":"WebSite","@id":"https:\/\/www.lanzaroteopenmall.com\/#website","url":"https:\/\/www.lanzaroteopenmall.com\/","name":"Open Mall Lanzarote","description":"El mayor centro comercial, de ocio y compras en Lanzarote","potentialAction":[{"@type":"SearchAction","target":{"@type":"EntryPoint","urlTemplate":"https:\/\/www.lanzaroteopenmall.com\/?s={search_term_string}"},"query-input":{"@type":"PropertyValueSpecification","valueRequired":true,"valueName":"search_term_string"}}],"inLanguage":"en-US"}]}},"jetpack-related-posts":[],"jetpack_sharing_enabled":true,"_links":{"self":[{"href":"https:\/\/www.lanzaroteopenmall.com\/en\/wp-json\/wp\/v2\/pages\/2598","targetHints":{"allow":["GET"]}}],"collection":[{"href":"https:\/\/www.lanzaroteopenmall.com\/en\/wp-json\/wp\/v2\/pages"}],"about":[{"href":"https:\/\/www.lanzaroteopenmall.com\/en\/wp-json\/wp\/v2\/types\/page"}],"author":[{"embeddable":true,"href":"https:\/\/www.lanzaroteopenmall.com\/en\/wp-json\/wp\/v2\/users\/1"}],"replies":[{"embeddable":true,"href":"https:\/\/www.lanzaroteopenmall.com\/en\/wp-json\/wp\/v2\/comments?post=2598"}],"version-history":[{"count":1,"href":"https:\/\/www.lanzaroteopenmall.com\/en\/wp-json\/wp\/v2\/pages\/2598\/revisions"}],"predecessor-version":[{"id":2599,"href":"https:\/\/www.lanzaroteopenmall.com\/en\/wp-json\/wp\/v2\/pages\/2598\/revisions\/2599"}],"wp:attachment":[{"href":"https:\/\/www.lanzaroteopenmall.com\/en\/wp-json\/wp\/v2\/media?parent=2598"}],"curies":[{"name":"wp","href":"https:\/\/api.w.org\/{rel}","templated":true}]}}